{"id":196,"date":"2026-02-26T20:23:58","date_gmt":"2026-02-26T20:23:58","guid":{"rendered":"http:\/\/ribenhouse.cz\/?page_id=196"},"modified":"2026-03-02T07:47:33","modified_gmt":"2026-03-02T07:47:33","slug":"rezervace","status":"publish","type":"page","link":"https:\/\/ribenhouse.cz\/en\/rezervace\/","title":{"rendered":"Reservation"},"content":{"rendered":"<div data-elementor-type=\"wp-page\" data-elementor-id=\"196\" class=\"elementor elementor-196\">\n\t\t\t\t<div class=\"elementor-element elementor-element-8f88706 e-con-full e-flex e-con e-parent\" data-id=\"8f88706\" data-element_type=\"container\" data-e-type=\"container\" data-settings=\"{&quot;background_background&quot;:&quot;classic&quot;}\">\n\t\t\t\t<div class=\"elementor-element elementor-element-b7f02da elementor-widget elementor-widget-heading\" data-id=\"b7f02da\" data-element_type=\"widget\" data-e-type=\"widget\" data-widget_type=\"heading.default\">\n\t\t\t\t\t<h2 class=\"elementor-heading-title elementor-size-default\">Reservation<\/h2>\t\t\t\t<\/div>\n\t\t\t\t<\/div>\n\t\t<div class=\"elementor-element elementor-element-2047c4b e-flex e-con-boxed e-con e-parent\" data-id=\"2047c4b\" data-element_type=\"container\" data-e-type=\"container\">\n\t\t\t\t\t<div class=\"e-con-inner\">\n\t\t\t\t<div class=\"elementor-element elementor-element-4678317 elementor-widget elementor-widget-html\" data-id=\"4678317\" data-element_type=\"widget\" data-e-type=\"widget\" data-widget_type=\"html.default\">\n\t\t\t\t\t<div id=\"mevris-booking-engine\"><\/div>\r\n\r\n<script>\r\n  \/\/ Z\u00edsk\u00e1me jazyk z atributu lang na <html>\r\n  const lang = document.documentElement.lang || ''; \/\/ v\u00fdchoz\u00ed jazyk\r\n\r\n  \/\/ Vytvo\u0159\u00edme div s pot\u0159ebn\u00fdmi atributy\r\n  const bookingDiv = document.getElementById('mevris-booking-engine');\r\n  bookingDiv.setAttribute('data-id', '82b0f6f8f689a72ae0df551e980281d0');\r\n  bookingDiv.setAttribute('data-add-gtag', 'GTM-MV3VN3DC');\r\n  bookingDiv.setAttribute('data-lang', lang); \/\/ nastav\u00edme jazyk\r\n\r\n  \/\/ Na\u010dteme skript Better Hotel\r\n  const script = document.createElement('script');\r\n  script.src = 'https:\/\/ibe.better-hotel.com\/app\/iframe\/iframe.js';\r\n  script.type = 'text\/javascript';\r\n  document.body.appendChild(script);\r\n<\/script>\r\n\t\t\t\t<\/div>\n\t\t\t\t\t<\/div>\n\t\t\t\t<\/div>\n\t\t\t\t<\/div>","protected":false},"excerpt":{"rendered":"<p>Reservation<\/p>","protected":false},"author":1,"featured_media":0,"parent":0,"menu_order":0,"comment_status":"closed","ping_status":"closed","template":"","meta":{"footnotes":""},"class_list":["post-196","page","type-page","status-publish","hentry"],"_links":{"self":[{"href":"https:\/\/ribenhouse.cz\/en\/wp-json\/wp\/v2\/pages\/196","targetHints":{"allow":["GET"]}}],"collection":[{"href":"https:\/\/ribenhouse.cz\/en\/wp-json\/wp\/v2\/pages"}],"about":[{"href":"https:\/\/ribenhouse.cz\/en\/wp-json\/wp\/v2\/types\/page"}],"author":[{"embeddable":true,"href":"https:\/\/ribenhouse.cz\/en\/wp-json\/wp\/v2\/users\/1"}],"replies":[{"embeddable":true,"href":"https:\/\/ribenhouse.cz\/en\/wp-json\/wp\/v2\/comments?post=196"}],"version-history":[{"count":37,"href":"https:\/\/ribenhouse.cz\/en\/wp-json\/wp\/v2\/pages\/196\/revisions"}],"predecessor-version":[{"id":711,"href":"https:\/\/ribenhouse.cz\/en\/wp-json\/wp\/v2\/pages\/196\/revisions\/711"}],"wp:attachment":[{"href":"https:\/\/ribenhouse.cz\/en\/wp-json\/wp\/v2\/media?parent=196"}],"curies":[{"name":"wp","href":"https:\/\/api.w.org\/{rel}","templated":true}]}}