{"id":200,"date":"2026-02-26T20:24:30","date_gmt":"2026-02-26T20:24:30","guid":{"rendered":"http:\/\/ribenhouse.cz\/?page_id=200"},"modified":"2026-03-09T11:32:03","modified_gmt":"2026-03-09T11:32:03","slug":"o-nas","status":"publish","type":"page","link":"https:\/\/ribenhouse.cz\/en\/o-nas\/","title":{"rendered":"About us"},"content":{"rendered":"<div data-elementor-type=\"wp-page\" data-elementor-id=\"200\" class=\"elementor elementor-200\">\n\t\t\t\t<div class=\"elementor-element elementor-element-65b1c1b e-con-full e-flex e-con e-parent\" data-id=\"65b1c1b\" data-element_type=\"container\" data-e-type=\"container\" data-settings=\"{&quot;background_background&quot;:&quot;classic&quot;}\">\n\t\t\t\t<div class=\"elementor-element elementor-element-d6e6ae0 elementor-widget elementor-widget-heading\" data-id=\"d6e6ae0\" data-element_type=\"widget\" data-e-type=\"widget\" data-widget_type=\"heading.default\">\n\t\t\t\t\t<h2 class=\"elementor-heading-title elementor-size-default\">About us<\/h2>\t\t\t\t<\/div>\n\t\t\t\t<\/div>\n\t\t<div class=\"elementor-element elementor-element-716d36f e-flex e-con-boxed e-con e-parent\" data-id=\"716d36f\" data-element_type=\"container\" data-e-type=\"container\">\n\t\t\t\t\t<div class=\"e-con-inner\">\n\t\t<div class=\"elementor-element elementor-element-03bd51a e-con-full e-flex e-con e-child\" data-id=\"03bd51a\" data-element_type=\"container\" data-e-type=\"container\">\n\t\t\t\t<div class=\"elementor-element elementor-element-c5fa4c5 elementor-widget elementor-widget-text-editor\" data-id=\"c5fa4c5\" data-element_type=\"widget\" data-e-type=\"widget\" data-widget_type=\"text-editor.default\">\n\t\t\t\t\t\t\t\t\t<p>Stylish accommodation in the heart of Prague, where history meets modern comfort.<\/p><p>Riben House Prague offers a unique combination of elegant design, first-class comfort, and an exceptional location. Set in a carefully renovated historic building, it provides a peaceful retreat for modern travelers, whether you are exploring the beauty of Prague or visiting for business.<\/p>\t\t\t\t\t\t\t\t<\/div>\n\t\t\t\t<div class=\"elementor-element elementor-element-8f6582e elementor-widget elementor-widget-heading\" data-id=\"8f6582e\" data-element_type=\"widget\" data-e-type=\"widget\" data-widget_type=\"heading.default\">\n\t\t\t\t\t<h4 class=\"elementor-heading-title elementor-size-default\">About us<\/h4>\t\t\t\t<\/div>\n\t\t\t\t<div class=\"elementor-element elementor-element-9f8d80e elementor-widget elementor-widget-text-editor\" data-id=\"9f8d80e\" data-element_type=\"widget\" data-e-type=\"widget\" data-widget_type=\"text-editor.default\">\n\t\t\t\t\t\t\t\t\t<p>Riben House Prague is a place where the atmosphere of old Prague blends seamlessly with the high standards of contemporary living. Every interior detail has been thoughtfully designed with comfort, functionality, and aesthetics in mind.<\/p><p>We offer stylish fully equipped apartments and rooms, a welcoming atmosphere, and a personal approach to every guest. Whether you are traveling for leisure, business, or a romantic weekend, you will feel right at home with us.<\/p>\t\t\t\t\t\t\t\t<\/div>\n\t\t\t\t<div class=\"elementor-element elementor-element-d94ff4c elementor-widget elementor-widget-heading\" data-id=\"d94ff4c\" data-element_type=\"widget\" data-e-type=\"widget\" data-widget_type=\"heading.default\">\n\t\t\t\t\t<h4 class=\"elementor-heading-title elementor-size-default\">Accommodation<\/h4>\t\t\t\t<\/div>\n\t\t\t\t<div class=\"elementor-element elementor-element-3a37074 elementor-widget elementor-widget-text-editor\" data-id=\"3a37074\" data-element_type=\"widget\" data-e-type=\"widget\" data-widget_type=\"text-editor.default\">\n\t\t\t\t\t\t\t\t\t<div>Our rooms and apartments are designed to provide maximum comfort and privacy.<\/div><div>\u00a0<\/div><div>What you can expect:<\/div><div>\u2022\tmodern and spacious rooms<\/div><div>\u2022\tfully equipped kitchenettes in selected apartments<\/div><div>\u2022\tcomfortable beds with high-quality mattresses<\/div><div>\u2022\tair conditioning in apartments 401 and 402 and high-speed Wi-Fi in all apartments\u00a0<\/div><div>\u2022\tsmart TVs and workspaces<\/div><div>\u2022\tstylish bathrooms with walk-in showers<\/div><div>\u00a0<\/div><div>Each room is unique, yet all share clean design, premium materials, and attention to detail.<\/div>\t\t\t\t\t\t\t\t<\/div>\n\t\t\t\t<div class=\"elementor-element elementor-element-5125e79 elementor-widget elementor-widget-heading\" data-id=\"5125e79\" data-element_type=\"widget\" data-e-type=\"widget\" data-widget_type=\"heading.default\">\n\t\t\t\t\t<h4 class=\"elementor-heading-title elementor-size-default\">Location<\/h4>\t\t\t\t<\/div>\n\t\t\t\t<div class=\"elementor-element elementor-element-cdb665b elementor-widget elementor-widget-text-editor\" data-id=\"cdb665b\" data-element_type=\"widget\" data-e-type=\"widget\" data-widget_type=\"text-editor.default\">\n\t\t\t\t\t\t\t\t\t<div>Riben House Prague is located in an attractive area of the city center, within walking distance of major landmarks, restaurants, and cultural venues.<\/div><div>\u00a0<\/div><div>Within just a few minutes, you can reach:<\/div><div>\u2022\tOld Town Square<\/div><div>\u2022\tCharles Bridge<\/div><div>\u2022\tWenceslas Square<\/div><div>\u2022\tthe Vltava River embankment<\/div><div>\u2022\tmetro and tram stations<\/div><div>\u00a0<\/div><div>Its ideal location allows easy exploration of the city as well as quick access to business and administrative districts.<\/div>\t\t\t\t\t\t\t\t<\/div>\n\t\t\t\t<div class=\"elementor-element elementor-element-c9ad1d6 elementor-widget elementor-widget-heading\" data-id=\"c9ad1d6\" data-element_type=\"widget\" data-e-type=\"widget\" data-widget_type=\"heading.default\">\n\t\t\t\t\t<h4 class=\"elementor-heading-title elementor-size-default\">Services<\/h4>\t\t\t\t<\/div>\n\t\t\t\t<div class=\"elementor-element elementor-element-14e14f4 elementor-widget elementor-widget-text-editor\" data-id=\"14e14f4\" data-element_type=\"widget\" data-e-type=\"widget\" data-widget_type=\"text-editor.default\">\n\t\t\t\t\t\t\t\t\t<div>Your comfort is our priority. We offer services designed to make your stay as pleasant as possible:<\/div><div>\u2022\tonline check-in and a nearby 24\/7 reception<\/div><div>\u2022\tregular housekeeping upon request\u00a0<\/div><div>\u2022\tlong-term accommodation options<\/div><div>\u2022\tconcierge services upon request<\/div><div>\u2022\trecommendations for restaurants, caf\u00e9s, and experiences in Prague<\/div>\t\t\t\t\t\t\t\t<\/div>\n\t\t\t\t<div class=\"elementor-element elementor-element-3dd05dc elementor-widget elementor-widget-heading\" data-id=\"3dd05dc\" data-element_type=\"widget\" data-e-type=\"widget\" data-widget_type=\"heading.default\">\n\t\t\t\t\t<h4 class=\"elementor-heading-title elementor-size-default\">Why Choose Riben House Prague?\n<\/h4>\t\t\t\t<\/div>\n\t\t\t\t<div class=\"elementor-element elementor-element-48d54bd elementor-widget elementor-widget-text-editor\" data-id=\"48d54bd\" data-element_type=\"widget\" data-e-type=\"widget\" data-widget_type=\"text-editor.default\">\n\t\t\t\t\t\t\t\t\t<div>\u2022\tExcellent location in the heart of Prague<\/div><div>\u2022\tModern and stylish interiors<\/div><div>\u2022\tHigh standards of comfort<\/div><div>\u2022\tPersonalized approach to guests<\/div><div>\u2022\tExcellent value for money<\/div><div>\u00a0<\/div><div>Book your stay today and experience Prague at its very best.<\/div>\t\t\t\t\t\t\t\t<\/div>\n\t\t\t\t<div class=\"elementor-element elementor-element-2a149f5 elementor-widget elementor-widget-button\" data-id=\"2a149f5\" data-element_type=\"widget\" data-e-type=\"widget\" data-widget_type=\"button.default\">\n\t\t\t\t\t\t\t\t\t\t<a class=\"elementor-button elementor-button-link elementor-size-sm\" href=\"http:\/\/ribenhouse.cz\/en\/fotogalerie\/\">\n\t\t\t\t\t\t<span class=\"elementor-button-content-wrapper\">\n\t\t\t\t\t\t\t\t\t<span class=\"elementor-button-text\">Photo gallery<\/span>\n\t\t\t\t\t<\/span>\n\t\t\t\t\t<\/a>\n\t\t\t\t\t\t\t\t<\/div>\n\t\t\t\t<\/div>\n\t\t<div class=\"elementor-element elementor-element-a49977d e-con-full e-flex e-con e-child\" data-id=\"a49977d\" data-element_type=\"container\" data-e-type=\"container\">\n\t\t\t\t<div class=\"elementor-element elementor-element-0038a29 elementor-widget elementor-widget-image\" data-id=\"0038a29\" data-element_type=\"widget\" data-e-type=\"widget\" data-widget_type=\"image.default\">\n\t\t\t\t\t\t\t\t\t\t\t\t\t\t\t<img fetchpriority=\"high\" decoding=\"async\" width=\"800\" height=\"534\" src=\"https:\/\/ribenhouse.cz\/wp-content\/uploads\/2026\/02\/Riben-House-6-2023-16-kopie-1024x683.jpg\" class=\"attachment-large size-large wp-image-495\" alt=\"\" srcset=\"https:\/\/ribenhouse.cz\/wp-content\/uploads\/2026\/02\/Riben-House-6-2023-16-kopie-1024x683.jpg 1024w, https:\/\/ribenhouse.cz\/wp-content\/uploads\/2026\/02\/Riben-House-6-2023-16-kopie-300x200.jpg 300w, https:\/\/ribenhouse.cz\/wp-content\/uploads\/2026\/02\/Riben-House-6-2023-16-kopie-768x512.jpg 768w, https:\/\/ribenhouse.cz\/wp-content\/uploads\/2026\/02\/Riben-House-6-2023-16-kopie-1536x1024.jpg 1536w, https:\/\/ribenhouse.cz\/wp-content\/uploads\/2026\/02\/Riben-House-6-2023-16-kopie-2048x1365.jpg 2048w\" sizes=\"(max-width: 800px) 100vw, 800px\" \/>\t\t\t\t\t\t\t\t\t\t\t\t\t\t\t<\/div>\n\t\t\t\t<div class=\"elementor-element elementor-element-2af4819 elementor-widget elementor-widget-image\" data-id=\"2af4819\" data-element_type=\"widget\" data-e-type=\"widget\" data-widget_type=\"image.default\">\n\t\t\t\t\t\t\t\t\t\t\t\t\t\t\t<img decoding=\"async\" width=\"800\" height=\"534\" src=\"https:\/\/ribenhouse.cz\/wp-content\/uploads\/2026\/03\/Riben-101-16-1024x683.jpg\" class=\"attachment-large size-large wp-image-753\" alt=\"\" srcset=\"https:\/\/ribenhouse.cz\/wp-content\/uploads\/2026\/03\/Riben-101-16-1024x683.jpg 1024w, https:\/\/ribenhouse.cz\/wp-content\/uploads\/2026\/03\/Riben-101-16-300x200.jpg 300w, https:\/\/ribenhouse.cz\/wp-content\/uploads\/2026\/03\/Riben-101-16-768x512.jpg 768w, https:\/\/ribenhouse.cz\/wp-content\/uploads\/2026\/03\/Riben-101-16-1536x1024.jpg 1536w, https:\/\/ribenhouse.cz\/wp-content\/uploads\/2026\/03\/Riben-101-16-2048x1365.jpg 2048w, https:\/\/ribenhouse.cz\/wp-content\/uploads\/2026\/03\/Riben-101-16-18x12.jpg 18w\" sizes=\"(max-width: 800px) 100vw, 800px\" \/>\t\t\t\t\t\t\t\t\t\t\t\t\t\t\t<\/div>\n\t\t\t\t<div class=\"elementor-element elementor-element-56789d1 elementor-widget elementor-widget-image\" data-id=\"56789d1\" data-element_type=\"widget\" data-e-type=\"widget\" data-widget_type=\"image.default\">\n\t\t\t\t\t\t\t\t\t\t\t\t\t\t\t<img decoding=\"async\" width=\"800\" height=\"534\" src=\"https:\/\/ribenhouse.cz\/wp-content\/uploads\/2026\/03\/Riben-101-25-1024x683.jpg\" class=\"attachment-large size-large wp-image-748\" alt=\"\" srcset=\"https:\/\/ribenhouse.cz\/wp-content\/uploads\/2026\/03\/Riben-101-25-1024x683.jpg 1024w, https:\/\/ribenhouse.cz\/wp-content\/uploads\/2026\/03\/Riben-101-25-300x200.jpg 300w, https:\/\/ribenhouse.cz\/wp-content\/uploads\/2026\/03\/Riben-101-25-768x512.jpg 768w, https:\/\/ribenhouse.cz\/wp-content\/uploads\/2026\/03\/Riben-101-25-1536x1024.jpg 1536w, https:\/\/ribenhouse.cz\/wp-content\/uploads\/2026\/03\/Riben-101-25-2048x1365.jpg 2048w, https:\/\/ribenhouse.cz\/wp-content\/uploads\/2026\/03\/Riben-101-25-18x12.jpg 18w\" sizes=\"(max-width: 800px) 100vw, 800px\" \/>\t\t\t\t\t\t\t\t\t\t\t\t\t\t\t<\/div>\n\t\t\t\t<div class=\"elementor-element elementor-element-3961bea elementor-widget elementor-widget-image\" data-id=\"3961bea\" data-element_type=\"widget\" data-e-type=\"widget\" data-widget_type=\"image.default\">\n\t\t\t\t\t\t\t\t\t\t\t\t\t\t\t<img loading=\"lazy\" decoding=\"async\" width=\"800\" height=\"534\" src=\"https:\/\/ribenhouse.cz\/wp-content\/uploads\/2026\/03\/Riben-sedacka-sezeni-14-1024x683.jpg\" class=\"attachment-large size-large wp-image-749\" alt=\"\" srcset=\"https:\/\/ribenhouse.cz\/wp-content\/uploads\/2026\/03\/Riben-sedacka-sezeni-14-1024x683.jpg 1024w, https:\/\/ribenhouse.cz\/wp-content\/uploads\/2026\/03\/Riben-sedacka-sezeni-14-300x200.jpg 300w, https:\/\/ribenhouse.cz\/wp-content\/uploads\/2026\/03\/Riben-sedacka-sezeni-14-768x512.jpg 768w, https:\/\/ribenhouse.cz\/wp-content\/uploads\/2026\/03\/Riben-sedacka-sezeni-14-1536x1024.jpg 1536w, https:\/\/ribenhouse.cz\/wp-content\/uploads\/2026\/03\/Riben-sedacka-sezeni-14-2048x1365.jpg 2048w, https:\/\/ribenhouse.cz\/wp-content\/uploads\/2026\/03\/Riben-sedacka-sezeni-14-18x12.jpg 18w\" sizes=\"(max-width: 800px) 100vw, 800px\" \/>\t\t\t\t\t\t\t\t\t\t\t\t\t\t\t<\/div>\n\t\t\t\t<\/div>\n\t\t\t\t\t<\/div>\n\t\t\t\t<\/div>\n\t\t<div class=\"elementor-element elementor-element-9225524 elementor-hidden-mobile e-flex e-con-boxed e-con e-parent\" data-id=\"9225524\" data-element_type=\"container\" data-e-type=\"container\" data-settings=\"{&quot;background_background&quot;:&quot;classic&quot;}\">\n\t\t\t\t\t<div class=\"e-con-inner\">\n\t\t\t\t<div class=\"elementor-element elementor-element-aba1869 elementor-widget elementor-widget-text-editor\" data-id=\"aba1869\" data-element_type=\"widget\" data-e-type=\"widget\" data-widget_type=\"text-editor.default\">\n\t\t\t\t\t\t\t\t\t<h5>Are you interested?<\/h5>\t\t\t\t\t\t\t\t<\/div>\n\t\t\t\t<div class=\"elementor-element elementor-element-3a5549d elementor-widget elementor-widget-heading\" data-id=\"3a5549d\" data-element_type=\"widget\" data-e-type=\"widget\" data-widget_type=\"heading.default\">\n\t\t\t\t\t<h2 class=\"elementor-heading-title elementor-size-default\">We look forward to your visit.<\/h2>\t\t\t\t<\/div>\n\t\t\t\t<div class=\"elementor-element elementor-element-12b58fb elementor-align-center elementor-widget elementor-widget-button\" data-id=\"12b58fb\" data-element_type=\"widget\" data-e-type=\"widget\" data-widget_type=\"button.default\">\n\t\t\t\t\t\t\t\t\t\t<a class=\"elementor-button elementor-button-link elementor-size-sm\" href=\"http:\/\/ribenhouse.cz\/en\/rezervace\/\">\n\t\t\t\t\t\t<span class=\"elementor-button-content-wrapper\">\n\t\t\t\t\t\t\t\t\t<span class=\"elementor-button-text\">BOOK YOUR STAY<\/span>\n\t\t\t\t\t<\/span>\n\t\t\t\t\t<\/a>\n\t\t\t\t\t\t\t\t<\/div>\n\t\t\t\t\t<\/div>\n\t\t\t\t<\/div>\n\t\t<div class=\"elementor-element elementor-element-ca49785 elementor-hidden-desktop elementor-hidden-tablet e-flex e-con-boxed e-con e-parent\" data-id=\"ca49785\" data-element_type=\"container\" data-e-type=\"container\" data-settings=\"{&quot;background_background&quot;:&quot;classic&quot;}\">\n\t\t\t\t\t<div class=\"e-con-inner\">\n\t\t\t\t<div class=\"elementor-element elementor-element-9fbba00 elementor-widget elementor-widget-text-editor\" data-id=\"9fbba00\" data-element_type=\"widget\" data-e-type=\"widget\" data-widget_type=\"text-editor.default\">\n\t\t\t\t\t\t\t\t\t<p>Are you interested?<\/p>\t\t\t\t\t\t\t\t<\/div>\n\t\t\t\t<div class=\"elementor-element elementor-element-e7ddfa5 elementor-widget elementor-widget-heading\" data-id=\"e7ddfa5\" data-element_type=\"widget\" data-e-type=\"widget\" data-widget_type=\"heading.default\">\n\t\t\t\t\t<h2 class=\"elementor-heading-title elementor-size-default\">We look forward to your visit.<\/h2>\t\t\t\t<\/div>\n\t\t\t\t<div class=\"elementor-element elementor-element-7cbb897 elementor-align-center elementor-widget elementor-widget-button\" data-id=\"7cbb897\" data-element_type=\"widget\" data-e-type=\"widget\" data-widget_type=\"button.default\">\n\t\t\t\t\t\t\t\t\t\t<a class=\"elementor-button elementor-button-link elementor-size-sm elementor-animation-grow\" href=\"http:\/\/ribenhouse.cz\/en\/rezervace\/\">\n\t\t\t\t\t\t<span class=\"elementor-button-content-wrapper\">\n\t\t\t\t\t\t\t\t\t<span class=\"elementor-button-text\">BOOK YOUR STAY<\/span>\n\t\t\t\t\t<\/span>\n\t\t\t\t\t<\/a>\n\t\t\t\t\t\t\t\t<\/div>\n\t\t\t\t\t<\/div>\n\t\t\t\t<\/div>\n\t\t\t\t<\/div>","protected":false},"excerpt":{"rendered":"<p>O n\u00e1s Stylov\u00e9 ubytov\u00e1n\u00ed v srdci Prahy, kde se historie potk\u00e1v\u00e1 s modern\u00edm komfortem. Riben House Prague nab\u00edz\u00ed jedine\u010dn\u00e9 spojen\u00ed elegantn\u00edho designu, prvot\u0159\u00eddn\u00edho komfortu a v\u00fdjime\u010dn\u00e9 lokality. V historick\u00e9m dom\u011b citliv\u011b zrekonstruovan\u00e9m pro pot\u0159eby modern\u00edch cestovatel\u016f najdete klidn\u00e9 z\u00e1zem\u00ed pro objevov\u00e1n\u00ed kouzla Prahy i pro pracovn\u00ed pobyty. O n\u00e1s Riben House Prague je m\u00edstem, kde [&hellip;]<\/p>\n","protected":false},"author":1,"featured_media":0,"parent":0,"menu_order":0,"comment_status":"closed","ping_status":"closed","template":"","meta":{"footnotes":""},"class_list":["post-200","page","type-page","status-publish","hentry"],"_links":{"self":[{"href":"https:\/\/ribenhouse.cz\/en\/wp-json\/wp\/v2\/pages\/200","targetHints":{"allow":["GET"]}}],"collection":[{"href":"https:\/\/ribenhouse.cz\/en\/wp-json\/wp\/v2\/pages"}],"about":[{"href":"https:\/\/ribenhouse.cz\/en\/wp-json\/wp\/v2\/types\/page"}],"author":[{"embeddable":true,"href":"https:\/\/ribenhouse.cz\/en\/wp-json\/wp\/v2\/users\/1"}],"replies":[{"embeddable":true,"href":"https:\/\/ribenhouse.cz\/en\/wp-json\/wp\/v2\/comments?post=200"}],"version-history":[{"count":76,"href":"https:\/\/ribenhouse.cz\/en\/wp-json\/wp\/v2\/pages\/200\/revisions"}],"predecessor-version":[{"id":756,"href":"https:\/\/ribenhouse.cz\/en\/wp-json\/wp\/v2\/pages\/200\/revisions\/756"}],"wp:attachment":[{"href":"https:\/\/ribenhouse.cz\/en\/wp-json\/wp\/v2\/media?parent=200"}],"curies":[{"name":"wp","href":"https:\/\/api.w.org\/{rel}","templated":true}]}}