{"id":642,"date":"2026-02-27T10:10:29","date_gmt":"2026-02-27T10:10:29","guid":{"rendered":"https:\/\/ribenhouse.cz\/?page_id=642"},"modified":"2026-02-27T10:12:46","modified_gmt":"2026-02-27T10:12:46","slug":"soubory-cookies","status":"publish","type":"page","link":"https:\/\/ribenhouse.cz\/en\/soubory-cookies\/","title":{"rendered":"Cookies"},"content":{"rendered":"<div data-elementor-type=\"wp-page\" data-elementor-id=\"642\" class=\"elementor elementor-642\">\n\t\t\t\t<div class=\"elementor-element elementor-element-10b91f2 e-flex e-con-boxed e-con e-parent\" data-id=\"10b91f2\" data-element_type=\"container\" data-e-type=\"container\">\n\t\t\t\t\t<div class=\"e-con-inner\">\n\t\t\t\t<div class=\"elementor-element elementor-element-1ac6d4a elementor-widget elementor-widget-heading\" data-id=\"1ac6d4a\" data-element_type=\"widget\" data-e-type=\"widget\" data-widget_type=\"heading.default\">\n\t\t\t\t\t<h3 class=\"elementor-heading-title elementor-size-default\">Soubory Cookies<\/h3>\t\t\t\t<\/div>\n\t\t\t\t\t<\/div>\n\t\t\t\t<\/div>\n\t\t<div class=\"elementor-element elementor-element-ea1d1bb e-flex e-con-boxed e-con e-parent\" data-id=\"ea1d1bb\" data-element_type=\"container\" data-e-type=\"container\">\n\t\t\t\t\t<div class=\"e-con-inner\">\n\t\t\t\t<div class=\"elementor-element elementor-element-bd4e54f elementor-widget elementor-widget-text-editor\" data-id=\"bd4e54f\" data-element_type=\"widget\" data-e-type=\"widget\" data-widget_type=\"text-editor.default\">\n\t\t\t\t\t\t\t\t\t<h5 style=\"text-align: left;\">Co jsou soubory Cookies?<\/h5><p style=\"text-align: left;\">Soubory cookies jsou kr\u00e1tk\u00e9 textov\u00e9 soubory, kter\u00e9 internetov\u00e1 str\u00e1nka ode\u0161le do Va\u0161eho prohl\u00ed\u017ee\u010de. Umo\u017e\u0148uj\u00ed webu zaznamenat informace o Va\u0161\u00ed n\u00e1v\u0161t\u011bv\u011b (nap\u0159. preferovan\u00fd jazyk, obsah ko\u0161\u00edku), co\u017e usnad\u0148uje Va\u0161i dal\u0161\u00ed n\u00e1v\u0161t\u011bvu. Soubory cookies jsou d\u016fle\u017eit\u00e9, nebo\u0165 bez nich by proch\u00e1zen\u00ed s\u00edt\u011b Internet bylo mnohem slo\u017eit\u011bj\u0161\u00ed. Osoba u\u017eivatele v\u0161ak nen\u00ed na z\u00e1klad\u011b t\u011bchto informac\u00ed p\u0159\u00edmo identifikovateln\u00e1.<\/p><h5 style=\"text-align: left;\">K \u010demu soubory Cookies pou\u017e\u00edv\u00e1me?<\/h5><p style=\"text-align: left;\">Cookies vyu\u017e\u00edv\u00e1me k zaji\u0161t\u011bn\u00ed spr\u00e1vn\u00e9 funk\u010dnosti na\u0161ich str\u00e1nek, anal\u00fdze n\u00e1v\u0161t\u011bvnosti a marketingu. Konkr\u00e9tn\u011b slou\u017e\u00ed k:<\/p><p style=\"text-align: left;\">Spr\u00e1vn\u00e9 funk\u010dnosti rezerva\u010dn\u00edho syst\u00e9mu, aby bylo mo\u017en\u00e9 dokon\u010dit proces rezervace s co nejmen\u0161\u00edmi obt\u00ed\u017eemi.<\/p><p style=\"text-align: left;\">Zji\u0161\u0165ov\u00e1n\u00ed, kter\u00e9 str\u00e1nky a funkce pou\u017e\u00edvaj\u00ed n\u00e1v\u0161t\u011bvn\u00edci nej\u010dast\u011bji, abychom mohli web vylep\u0161ovat.<\/p><p style=\"text-align: left;\">P\u0159izp\u016fsoben\u00ed obsahu a reklam Va\u0161im pot\u0159eb\u00e1m.<\/p><h5 style=\"text-align: left;\">Jak\u00e9 soubory cookie pou\u017e\u00edv\u00e1me?<\/h5><p style=\"text-align: left;\">Soubory Cookie pou\u017e\u00edvan\u00e9 na na\u0161ich str\u00e1nk\u00e1ch d\u011bl\u00edme podle dvou hledisek:<\/p><h5 style=\"text-align: left;\">1. Podle trvanlivosti:<\/h5><p style=\"text-align: left;\"><strong>Kr\u00e1tkodob\u00e9 (session cookies):<\/strong>\u00a0Jsou do\u010dasn\u00e9 a z\u016fst\u00e1vaj\u00ed ulo\u017eeny ve Va\u0161em prohl\u00ed\u017ee\u010di pouze do doby, ne\u017e jej zav\u0159ete. Pot\u00e9 se vyma\u017eou. Slou\u017e\u00ed k propojen\u00ed Va\u0161ich aktivit b\u011bhem jedn\u00e9 n\u00e1v\u0161t\u011bvy.<\/p><p style=\"text-align: left;\"><strong>Dlouhodob\u00e9 (persistent cookies):<\/strong>\u00a0Z\u016fst\u00e1vaj\u00ed ulo\u017eeny ve Va\u0161em za\u0159\u00edzen\u00ed mnohem d\u00e9le nebo dokud je ru\u010dn\u011b neodstran\u00edte (doba z\u00e1vis\u00ed na nastaven\u00ed samotn\u00e9 cookie a Va\u0161eho prohl\u00ed\u017ee\u010de). Pom\u00e1haj\u00ed n\u00e1m identifikovat za\u0159\u00edzen\u00ed p\u0159i opakovan\u00e9 n\u00e1v\u0161t\u011bv\u011b.<\/p><h5 style=\"text-align: left;\">2. Podle funkce (\u00fa\u010delu):<\/h5><p style=\"text-align: left;\"><strong>Esenci\u00e1ln\u00ed (nezbytn\u00e9):<\/strong>\u00a0Jsou kl\u00ed\u010dov\u00e9 pro z\u00e1kladn\u00ed funk\u010dnost webu a bezpe\u010dnost. Bez nich by nebylo mo\u017en\u00e9 nap\u0159. dokon\u010dit rezervaci.<\/p><p style=\"text-align: left;\"><strong>Analytick\u00e9:<\/strong>\u00a0Pom\u00e1haj\u00ed n\u00e1m zv\u00fd\u0161it u\u017eivatelsk\u00e9 pohodl\u00ed t\u00edm, \u017ee pochop\u00edme, jak u\u017eivatel\u00e9 web pou\u017e\u00edvaj\u00ed.<\/p><p style=\"text-align: left;\"><strong>Konverzn\u00ed a trackingov\u00e9:<\/strong>\u00a0Umo\u017e\u0148uj\u00ed n\u00e1m analyzovat v\u00fdkon r\u016fzn\u00fdch prodejn\u00edch kan\u00e1l\u016f.<\/p><p style=\"text-align: left;\"><strong>Remarketingov\u00e9:<\/strong>\u00a0Pou\u017e\u00edv\u00e1me pro personalizaci obsahu reklam a jejich spr\u00e1vn\u00e9 zac\u00edlen\u00ed.<\/p><h5 style=\"text-align: left;\">Technick\u00e9 zpracov\u00e1n\u00ed a Server-side m\u011b\u0159en\u00ed<\/h5><p style=\"text-align: left;\">N\u011bkter\u00e9 soubory cookie a analytick\u00e1 data mohou b\u00fdt zpracov\u00e1v\u00e1ny prost\u0159ednictv\u00edm tzv. server-side m\u011b\u0159en\u00ed (vyu\u017e\u00edvaj\u00edc\u00ed infrastrukturu spole\u010dnosti Cloudflare). V tomto p\u0159\u00edpad\u011b jsou data nejprve technicky zpracov\u00e1na na\u0161\u00ed zabezpe\u010denou serverovou infrastrukturou, ne\u017e jsou odesl\u00e1na do analytick\u00fdch n\u00e1stroj\u016f t\u0159et\u00edch stran. Toto technick\u00e9 \u0159e\u0161en\u00ed zvy\u0161uje bezpe\u010dnost dat a p\u0159esnost m\u011b\u0159en\u00ed, p\u0159i\u010dem\u017e pln\u011b respektuje Va\u0161e nastaven\u00ed souhlasu (pokud cookies odm\u00edtnete, server-side m\u011b\u0159en\u00ed pro marketingov\u00e9 \u00fa\u010dely se neaktivuje).<\/p><h5 style=\"text-align: left;\">Pr\u00e1vn\u00ed z\u00e1klad a nastaven\u00ed souhlasu<\/h5><p style=\"text-align: left;\">V souladu s ustanoven\u00edm \u00a7 89 odst. 3 z\u00e1k. \u010d. 127\/2005 Sb., o elektronick\u00fdch komunikac\u00edch a Na\u0159\u00edzen\u00edm GDPR, v\u00e1s informujeme, \u017ee:<\/p><ol style=\"text-align: left;\"><li><strong>Nezbytn\u00e9 (esenci\u00e1ln\u00ed) cookies<\/strong>\u00a0zpracov\u00e1v\u00e1me na z\u00e1klad\u011b opr\u00e1vn\u011bn\u00e9ho z\u00e1jmu pro zaji\u0161t\u011bn\u00ed technick\u00e9ho provozu webu a funk\u010dnosti rezervac\u00ed.<\/li><li><strong>Analytick\u00e9 a marketingov\u00e9 cookies<\/strong>\u00a0(v\u010detn\u011b t\u011bch zpracov\u00e1van\u00fdch p\u0159es server-side m\u011b\u0159en\u00ed) vyu\u017e\u00edv\u00e1me pouze na z\u00e1klad\u011b va\u0161eho souhlasu ud\u011blen\u00e9ho prost\u0159ednictv\u00edm cookie li\u0161ty.<\/li><\/ol><p style=\"text-align: left;\">Tento souhlas je ud\u011blen na dobu 2 let nebo do jeho odvol\u00e1n\u00ed\/smaz\u00e1n\u00ed cookies.<\/p><h5 style=\"text-align: left;\">Spr\u00e1va soubor\u016f cookies<\/h5><p style=\"text-align: left;\">Internetov\u00e9 prohl\u00ed\u017ee\u010de obvykle obsahuj\u00ed spr\u00e1vu soubor\u016f cookies. V r\u00e1mci nastaven\u00ed Va\u0161eho prohl\u00ed\u017ee\u010de m\u016f\u017eete jednotliv\u00e9 soubory cookies ru\u010dn\u011b mazat, blokovat \u010di zcela zak\u00e1zat jejich pou\u017e\u00edv\u00e1n\u00ed. Funkce n\u00e1pov\u011bdy p\u0159\u00edmo ve Va\u0161em prohl\u00ed\u017ee\u010di vysv\u011btluje, jak toto nastaven\u00ed zm\u011bn\u00edte. M\u016f\u017eete tak\u00e9 nav\u0161t\u00edvit www.aboutcookies.org pro komplexn\u00ed informace.<\/p><p style=\"text-align: left;\"><strong>Upozorn\u011bn\u00ed:<\/strong>\u00a0Pros\u00edme, berte na v\u011bdom\u00ed, \u017ee pokud zablokujete nezbytn\u00e9 cookies, nemus\u00edte b\u00fdt schopni pln\u011b vyu\u017e\u00edvat ve\u0161ker\u00e9 funkce t\u011bchto webov\u00fdch str\u00e1nek, zejm\u00e9na m\u016f\u017ee doj\u00edt k chyb\u011b p\u0159i dokon\u010dov\u00e1n\u00ed rezervace ubytov\u00e1n\u00ed.<\/p>\t\t\t\t\t\t\t\t<\/div>\n\t\t\t\t\t<\/div>\n\t\t\t\t<\/div>\n\t\t\t\t<\/div>","protected":false},"excerpt":{"rendered":"<p>Soubory Cookies Co jsou soubory Cookies? Soubory cookies jsou kr\u00e1tk\u00e9 textov\u00e9 soubory, kter\u00e9 internetov\u00e1 str\u00e1nka ode\u0161le do Va\u0161eho prohl\u00ed\u017ee\u010de. Umo\u017e\u0148uj\u00ed webu zaznamenat informace o Va\u0161\u00ed n\u00e1v\u0161t\u011bv\u011b (nap\u0159. preferovan\u00fd jazyk, obsah ko\u0161\u00edku), co\u017e usnad\u0148uje Va\u0161i dal\u0161\u00ed n\u00e1v\u0161t\u011bvu. Soubory cookies jsou d\u016fle\u017eit\u00e9, nebo\u0165 bez nich by proch\u00e1zen\u00ed s\u00edt\u011b Internet bylo mnohem slo\u017eit\u011bj\u0161\u00ed. Osoba u\u017eivatele v\u0161ak nen\u00ed na [&hellip;]<\/p>\n","protected":false},"author":1,"featured_media":0,"parent":0,"menu_order":0,"comment_status":"closed","ping_status":"closed","template":"","meta":{"footnotes":""},"class_list":["post-642","page","type-page","status-publish","hentry"],"_links":{"self":[{"href":"https:\/\/ribenhouse.cz\/en\/wp-json\/wp\/v2\/pages\/642","targetHints":{"allow":["GET"]}}],"collection":[{"href":"https:\/\/ribenhouse.cz\/en\/wp-json\/wp\/v2\/pages"}],"about":[{"href":"https:\/\/ribenhouse.cz\/en\/wp-json\/wp\/v2\/types\/page"}],"author":[{"embeddable":true,"href":"https:\/\/ribenhouse.cz\/en\/wp-json\/wp\/v2\/users\/1"}],"replies":[{"embeddable":true,"href":"https:\/\/ribenhouse.cz\/en\/wp-json\/wp\/v2\/comments?post=642"}],"version-history":[{"count":4,"href":"https:\/\/ribenhouse.cz\/en\/wp-json\/wp\/v2\/pages\/642\/revisions"}],"predecessor-version":[{"id":646,"href":"https:\/\/ribenhouse.cz\/en\/wp-json\/wp\/v2\/pages\/642\/revisions\/646"}],"wp:attachment":[{"href":"https:\/\/ribenhouse.cz\/en\/wp-json\/wp\/v2\/media?parent=642"}],"curies":[{"name":"wp","href":"https:\/\/api.w.org\/{rel}","templated":true}]}}